{"id":79,"date":"2018-04-10T22:28:11","date_gmt":"2018-04-10T21:28:11","guid":{"rendered":"http:\/\/terroirbati.com\/?page_id=79"},"modified":"2026-02-22T10:15:14","modified_gmt":"2026-02-22T09:15:14","slug":"presentation-de-lentreprise","status":"publish","type":"page","link":"http:\/\/terroirbati.com\/?page_id=79","title":{"rendered":"Pr\u00e9sentation de l\u2019entreprise"},"content":{"rendered":"<p><strong>L&rsquo;entreprise TERROIR B\u00c2TI, sise \u00e0 Clayes (35), a \u00e9t\u00e9 cr\u00e9\u00e9e en janvier\u00a02014 par Micka\u00ebl DELAGREE. Le statut juridique est EURL (Entreprise\u00a0Unipersonnelle \u00e0 Responsabilit\u00e9 Limit\u00e9e).<\/strong><\/p>\n<p><strong>Form\u00e9 \u00e0 la valorisation de l\u2019architecture et du paysage rural, Micka\u00ebl\u00a0DELAGREE, a travaill\u00e9 13 ans (2000-2013) au sein de l\u2019association Tiez\u00a0Breiz- Maisons et Paysages de Bretagne, occupant le poste de\u00a0coordinateur, charg\u00e9 de missions b\u00e2ti ancien (conseils \u00e0 la restauration,\u00a0mise en place de projets de r\u00e9habilitation, formateur, responsable du\u00a0centre de formation, animateur de r\u00e9seaux professionnels&#8230;).<\/strong><\/p>\n<p>Depuis janvier 2023, Romain BIGOT a rejoint l&rsquo;entreprise.<\/p>\n<p>Apr\u00e8s avoir travaill\u00e9 10 ans dans le domaine du traitement de l\u2019eau us\u00e9e au sein d\u2019un service recherche et d\u00e9veloppement, Romain s&rsquo;est form\u00e9 \u00e0 l\u2019\u00e9co construction et la r\u00e9habilitation du b\u00e2ti ancien. Grace aux formations courtes de la Chambre des M\u00e9tiers puis en passant un CAP de ma\u00e7onnerie en \u00e9co construction \u00e0 Saint-Gr\u00e9goire Romain a pu acqu\u00e9rir les bases du m\u00e9tier.<\/p>\n<p>Romain a ensuite \u00e9t\u00e9 artisan durant une petite dizaine d\u2019ann\u00e9e dans le domaine de l\u2019isolation thermique avec des mat\u00e9riaux biosourc\u00e9s et des enduits traditionnels \u00e0 la chaux, avant de rejoindre TERROIR BATI.<\/p>\n<p>Romain a \u00e0 coeur de mettre au service des projets que nous suivons toutes ses exp\u00e9riences et ses connaissances.<\/p>\n<p><strong>La d\u00e9marche de l\u2019entreprise TERROIR B\u00c2TI est de mettre en place et\u00a0suivre des projets de r\u00e9habilitation du b\u00e2ti ancien en respectant la valeur\u00a0patrimoniale des b\u00e2timents, tout en y apportant les besoins de confort\u00a0n\u00e9cessaires dans une d\u00e9marche \u00e9vidente de d\u00e9veloppement durable\u00a0(environnement &#8211; social &#8211; \u00e9conomique).\u00a0L\u2019utilisation de mat\u00e9riaux locaux et \u00e9cologiques, les performances\u00a0thermiques, la mise en valeur des savoirs-faire des entreprises artisanales\u00a0et l\u2019intensit\u00e9 sociale d\u2019un projet, sont les param\u00e8tres indissociables que\u00a0l\u2019entreprise s\u2019attache \u00e0 mettre en oeuvre dans chaque projet de\u00a0r\u00e9habilitation.<\/strong><\/p>\n<p><strong>La compr\u00e9hension d\u2019un b\u00e2timent n\u00e9cessite des analyses d\u00e9taill\u00e9es\u00a0(historique, architecturale, technique), avant toute intervention. Sollicit\u00e9\u00a0en amont d\u2019un projet pour ces diff\u00e9rentes analyses, le r\u00f4le de l\u2019entreprise\u00a0est \u00e9galement de pouvoir proposer des solutions architecturales et\u00a0techniques pour palier aux diff\u00e9rentes probl\u00e9matiques r\u00e9currentes .<\/strong><\/p>\n<p><strong>&#8211; pr\u00e9servation de la valeur patrimoniale<\/strong><\/p>\n<p><strong>&#8211; pathologies de structure<\/strong><\/p>\n<p><strong>&#8211; pathologies d\u2019humidit\u00e9s<\/strong><\/p>\n<p><strong>&#8211; recherche de confort thermique<\/strong><\/p>\n<p><strong>&#8211; besoins de clart\u00e9<\/strong><\/p>\n<p><strong>&#8211; qualit\u00e9 de l\u2019air<\/strong><\/p>\n<p><strong>&#8211; \u00e9conomie d\u2019\u00e9nergie<\/strong><\/p>\n<p><strong>&#8211; ma\u00eetrise des co\u00fbts&#8230;<\/strong><\/p>\n<p><strong>Pour ses connaissances du b\u00e2ti ancien et des pathologies, Micka\u00ebl DELAGREE est r\u00e9guli\u00e8rement missionn\u00e9 par des architectes, des compagnies d\u2019assurances, des experts judiciaires, des maitres d\u2019ouvrages, dans le cadre d\u2019analyse et de diagnostics techniques.<\/strong><\/p>\n<p><strong>&#8211; Rep\u00e9rage et analyse des d\u00e9sordres de structure :<\/strong><\/p>\n<p><strong>&#8211; ma\u00e7onneries traditionnelles : <i>ma\u00e7onnerie de terre (bauge, torchis),\u00a0ma\u00e7onnerie de pierre de taille, ma\u00e7onnerie de moellons,\u00a0ma\u00e7onnerie de brique.<\/i><\/strong><\/p>\n<p><strong>&#8211; charpente : <i>planchers, charpentes traditionnelles , pan de bois\u2026<\/i><\/strong><\/p>\n<p><strong>&#8211; Rep\u00e9rage et analyse des pathologies humides : <i>gestion des eaux de\u00a0ruissellements, remont\u00e9es capillaires, condensation, infiltrations\u2026<\/i><\/strong><\/p>\n<p><strong>&#8211; Rep\u00e9rage et analyse des d\u00e9fauts de finitions : <i>enduits \u00e0 la chaux, enduits\u00a0\u00e0 la terre\u2026<\/i><\/strong><\/p>\n<p><strong>La phase de diagnostic est syst\u00e9matiquement accompagn\u00e9 d\u2019un rapport\u00a0d\u00e9crivant les prescriptions adapt\u00e9es au fonctionnement sp\u00e9cifique du b\u00e2ti\u00a0ancien.<\/strong><\/p>\n<p><strong>D\u2019autre part, la connaissance du b\u00e2ti ancien et de ses probl\u00e9matiques\u00a0nous am\u00e8nent logiquement \u00e0 d\u00e9velopper des connaissances et des\u00a0comp\u00e9tences sur l\u2019architecture \u00e9cologique et bioclimatique. Ces logiques\u00a0constructives peuvent directement \u00eatre appliqu\u00e9es dans des projets\u00a0d\u2019extension, con\u00e7us comme de v\u00e9ritables apports architecturaux et\u00a0techniques d\u2019un ensemble b\u00e2ti.\u00a0(Exemple : concept de serres bioclimatiques qui apportent des espaces,\u00a0du confort et des \u00e9conomies d\u2019\u00e9nergie, \u00e0 l\u2019existant, tout en \u00e9tant\u00a0parfaitement int\u00e9gr\u00e9s au niveau architectural).<\/strong><\/p>\n<p><strong>Pendant plus de dix ans, au sein de l\u2019association Tiez Breiz, Micka\u00ebl\u00a0DELAGR\u00c9E a \u00e9t\u00e9 amen\u00e9 \u00e0 apporter des conseils techniques et\u00a0architecturaux dans le cadre de projets port\u00e9s par des particuliers, des\u00a0collectivit\u00e9s ou des architectes, sur l\u2019ensemble de la Bretagne. Il a\u00a0\u00e9galement \u00e0 de nombreuses occasions pu sensibiliser ces diff\u00e9rents\u00a0publics \u00e0 travers des formations et des conf\u00e9rences sur la compr\u00e9hension\u00a0et l\u2019analyse du b\u00e2ti ancien. Enfin, en \u00e9tant responsable du centre de\u00a0formation, la transmission des savoirs-faire et l\u2019adaptation du b\u00e2ti ancien\u00a0aux besoins actuels de confort n\u2019a cess\u00e9 d\u2019\u00eatre au coeur des motivations\u00a0avec les diff\u00e9rents formateurs (ma\u00eetre d\u2019oeuvre \u00e9co-construction,\u00a0architectes, ma\u00e7ons, tailleur de pierre, peintre, charpentiers, couvreurs,\u00a0chaumiers, menuisiers&#8230;)<\/strong><\/p>\n<p><strong>Les r\u00e9glementations thermiques actuelles et \u00e0 venir, n\u00e9cessitent une\u00a0approche globale par l\u2019ensemble des acteurs d\u2019un chantier de\u00a0r\u00e9habilitation, pour pouvoir concilier respect du patrimoine et habitat sain\u00a0\u00e9conome.<\/strong><\/p>\n<p>Depuis 2019, TERROIR B\u00c2TI travaille ponctuellement avec l&rsquo;association APPROCHE ECO HABITAT sur l&rsquo;analyse des b\u00e2timents sujets \u00e0 des taux de RADON excessifs.<\/p>\n","protected":false},"excerpt":{"rendered":"<p>L&rsquo;entreprise TERROIR B\u00c2TI, sise \u00e0 Clayes (35), a \u00e9t\u00e9 cr\u00e9\u00e9e en janvier\u00a02014 par Micka\u00ebl DELAGREE. Le statut juridique est EURL (Entreprise\u00a0Unipersonnelle \u00e0 Responsabilit\u00e9 Limit\u00e9e). Form\u00e9 \u00e0 la valorisation de l\u2019architecture et du paysage rural, Micka\u00ebl\u00a0DELAGREE, a travaill\u00e9 13 ans (2000-2013) au sein de l\u2019association Tiez\u00a0Breiz- Maisons et Paysages de Bretagne, occupant le poste de\u00a0coordinateur, charg\u00e9 &hellip; <a href=\"http:\/\/terroirbati.com\/?page_id=79\" class=\"more-link\">Continuer la lecture de <span class=\"screen-reader-text\">Pr\u00e9sentation de l\u2019entreprise<\/span><\/a><\/p>\n","protected":false},"author":1,"featured_media":0,"parent":0,"menu_order":0,"comment_status":"closed","ping_status":"closed","template":"","meta":{"footnotes":""},"_links":{"self":[{"href":"http:\/\/terroirbati.com\/index.php?rest_route=\/wp\/v2\/pages\/79"}],"collection":[{"href":"http:\/\/terroirbati.com\/index.php?rest_route=\/wp\/v2\/pages"}],"about":[{"href":"http:\/\/terroirbati.com\/index.php?rest_route=\/wp\/v2\/types\/page"}],"author":[{"embeddable":true,"href":"http:\/\/terroirbati.com\/index.php?rest_route=\/wp\/v2\/users\/1"}],"replies":[{"embeddable":true,"href":"http:\/\/terroirbati.com\/index.php?rest_route=%2Fwp%2Fv2%2Fcomments&post=79"}],"version-history":[{"count":2,"href":"http:\/\/terroirbati.com\/index.php?rest_route=\/wp\/v2\/pages\/79\/revisions"}],"predecessor-version":[{"id":244,"href":"http:\/\/terroirbati.com\/index.php?rest_route=\/wp\/v2\/pages\/79\/revisions\/244"}],"wp:attachment":[{"href":"http:\/\/terroirbati.com\/index.php?rest_route=%2Fwp%2Fv2%2Fmedia&parent=79"}],"curies":[{"name":"wp","href":"https:\/\/api.w.org\/{rel}","templated":true}]}}